{"id":35,"date":"2016-04-28T09:28:10","date_gmt":"2016-04-28T09:28:10","guid":{"rendered":"http:\/\/puravidamedia.nl\/?page_id=35"},"modified":"2022-01-16T19:41:32","modified_gmt":"2022-01-16T17:41:32","slug":"big-bert-dartpioneer","status":"publish","type":"page","link":"http:\/\/puravidamedia.nl\/?page_id=35","title":{"rendered":"Dartpioniers"},"content":{"rendered":"<p style=\"text-align: left;\">In 2012 werd mijn idee voor een Andere Tijden Sport over de overwinning van de Haagse postbode Raymond van Barneveld op de Embassy door de redactie opgepakt. Ik had <a href=\"https:\/\/nos.nl\/video\/457611-zondag-6-januari-barney-in-ats.html\">deze aflevering<\/a> graag zelf gemaakt, maar kon natuurlijk niet tegen de naam John Appel op. Wel deed ik de research en over de totstandkoming van deze aflevering (zie ook het <a href=\"https:\/\/www.volkskrant.nl\/nieuws-achtergrond\/one-hundred-and-eighty~b44823d4\/\">artikel in de Volkskrant<\/a>) en mijn eigen verleden als darter tijdens mijn studententijd heb ik een hoofdstuk geschreven in de wintereditie van het <a href=\"https:\/\/www.bol.com\/nl\/p\/andere-tijden-sport-wintereditie\/9200000015354910\/\">ATSport-boek<\/a> (\u00e9n we spelen de hoofdrol in <a href=\"http:\/\/puravidamedia.nl\/?page_id=1241\">het leuke verslag dat het AD van 3 februari 1997<\/a> schreef over het Open NK, met een aantal dubieuze quotes van mijn toenmalige temleden). In februari 2020 is de aflevering met Barney door mij iets aangepast en <a href=\"https:\/\/www.ntr.nl\/Andere-Tijden-Sport\/230\/detail\/Barney---Van-postbode-tot-dartsmiljonair\/VPWON_1304076#content\">deze versie <\/a>is vervolgens uitgezonden, naar aanleiding van zijn &#8211; naar later bleek en niet geheel verrassend voorbarig &#8211; afscheid als dartsprofessional.<\/p>\n<p style=\"text-align: left;\">Om het verhaal van de sympathieke Bert Vlaardingerbroek, die kort in de uitzending met Barney te zien was, wat meer ruimte te geven besloot ik om nog een apart filmpje met hem te maken. Dit is gedeeld op verschillende dartwebsites en inmiddels door ruim 6600 mensen gezien.<\/p>\n<div class=\"o9v6fnle cxmmr5t8 oygrvhab hcukyx3x c1et5uql ii04i59q\">\n<div dir=\"ltr\">Hierin gaat het ook over de mysterieuze aandoening darteritis. Maar bij Big Bert was er misschien toen al sprake van de eerste symptomen van de ziekte van Parkinson, een iets ernstiger aandoening dan even niet meer weten hoe je een dartpijl los moet laten. Zeven jaar later, in februari 2020, ging het wel iets minder, maar naar omstandigheden nog steeds goed met Bert. En zijn zoon Robbie speelt inmiddels eredivisie. Tijdens landelijke toernooien speelt hij in een shirt met de beeltenis van zijn dartende vader, wat mooie reacties oproept. Hij is nog niet vergeten!<\/p>\n<\/div>\n<div dir=\"ltr\"><\/div>\n<\/div>\n<div class=\"o9v6fnle cxmmr5t8 oygrvhab hcukyx3x c1et5uql ii04i59q\"><\/div>\n<div class=\"o9v6fnle cxmmr5t8 oygrvhab hcukyx3x c1et5uql ii04i59q\"><\/div>\n<p style=\"text-align: center;\">Kijk hieronder de gehele film.<\/p>\n<section id=\"thumbwrapper3\" class=\"gallery-video-content\"\r\n         data-gallery-video-perpage=\"5\" data-gallery-video-id=\"3\">\r\n\r\n    <input type=\"hidden\" class=\"pagenum\" value=\"1\"\/>\r\n    <ul id=\"huge_it_videogallery\" class=\"huge_it_videogallery view-thumbnails\">\r\n        <li id=\"fullPreview\"><\/li>\r\n        <input type=\"hidden\" id=\"total\" value=\"1\"\/>\r\n                    <li class=\"huge_it_big_li\" data-id=\"11\">\r\n                                    <a class=\"vyoutube huge_it_videogallery_item group3\"\r\n                       href=\"\/\/www.youtube.com\/embed\/FLvI2K6CR84\"\r\n                       title=\"Big Bert Dartpionier\"\r\n                       data-description=\"\"\r\n                       data-id=\"11\"><\/a>\r\n                    <img src=\"\/\/img.youtube.com\/vi\/FLvI2K6CR84\/mqdefault.jpg\"\r\n                         alt=\"Big Bert Dartpionier\"\/>\r\n                                    <div class=\"overLayer\"><\/div>\r\n                <div class=\"infoLayer\">\r\n                    <ul>\r\n                        <li>\r\n                            <h2>\r\n                                Big Bert Dartpionier                            <\/h2>\r\n                        <\/li>\r\n                        <li>\r\n                            <p>\r\n                                Watch Video                            <\/p>\r\n                        <\/li>\r\n                    <\/ul>\r\n                <\/div>\r\n            <\/li>\r\n        \r\n    <\/ul>\r\n    <\/section><style>\r\nsection #huge_it_videogallery a{\r\n\tborder:none;\r\n}\r\nsection #huge_it_videogallery {\r\n\tpadding: 28px;\r\n\tdisplay: block;\r\n\tmin-height: 100%;\r\n\ttext-align: center;\r\n\tmargin-bottom: 30px;\r\n  background-color: #333333; box-shadow: 0 0 10px;}\r\n\r\n\r\n#huge_it_videogallery .huge_it_big_li {\r\n\twidth: 100%;\r\n\tmax-width: 240px;\r\n\toverflow:hidden;\r\n\theight: 150px;\r\n\tmargin: 1px !important;\r\n\tpadding:0 !important;\r\n\tborder: 1px solid #444444;\r\n\tborder-radius: 5px;\r\n}\r\n\r\nsection #huge_it_videogallery li .infoLayer ul li {\r\n\tmax-height:80px;\r\n\toverflow:hidden;\r\n}\r\n\r\nsection #huge_it_videogallery li .overLayer ul li h2,\r\nsection #huge_it_videogallery li .infoLayer ul li h2 {\r\n\tfont-size: 16px;\r\n\tcolor: #FFFFFF;\r\n\tmargin:0 !important;\r\n}\r\n\r\nsection #huge_it_videogallery li .infoLayer ul li p {\r\n\tcolor: #FFFFFF;\r\n\tmargin:0 !important;\r\n}\r\n\r\nsection #huge_it_videogallery li .overLayer,\r\nsection #huge_it_videogallery li .infoLayer {\r\n\t-webkit-transition: opacity 0.3s linear;\r\n\t-moz-transition: opacity 0.3s linear;\r\n\t-ms-transition: opacity 0.3s linear;\r\n\t-o-transition: opacity 0.3s linear;\r\n\ttransition: opacity 0.3s linear;\r\n\twidth: 100%;\r\n\tmax-width: 240px;\r\n\theight: 150px;\r\n\tposition: absolute;\r\n\ttext-align: center;\r\n\topacity: 0;\r\n\ttop: 0;\r\n\tleft: 0;\r\n\tz-index: 4;\r\n\tborder-radius: 5px;\r\n}\r\n\r\n\r\n\r\nsection #huge_it_videogallery li a {\r\n\tposition: absolute;\r\n\tdisplay: block;\r\n\twidth: 100%;\r\n\tmax-width: 240px;\r\n\theight: 150px;\r\n\ttop: 0;\r\n\tleft: 0;\r\n\tz-index: 6;\r\n\tborder-radius: 5px;\r\n}\r\n.load_more3 {\r\n\tmargin: 10px 0;\r\n\tposition:relative;\r\n\ttext-align:center;\r\n\twidth:100%;\r\n}\r\n\r\n.load_more_button3 {\r\n\tborder-radius: 10px;\r\n\tdisplay:inline-block;\r\n\tpadding:5px 15px;\r\n\tfont-size:19px !important;;\r\n\tcolor:#CCCCCC !important;;\r\n\tbackground:#333333 !important;\r\n\tcursor:pointer;\r\n\r\n}\r\n.load_more_button3:hover{\r\n\tcolor:#D9D9D9 !important;\r\n\tbackground:#8F827C !important;\r\n}\r\n.loading3 {\r\n\tdisplay:none;\r\n}\r\n.paginate3{\r\n\tfont-size:22px !important;\r\n\tcolor:#0A0202 !important;\r\n\ttext-align: center;\r\n}\r\n.paginate3 a{\r\n\tborder-bottom: none !important;\r\n\tbox-shadow: none !important;\r\n}\r\n.icon-style3{\r\n\tfont-size: 22px !important;\r\n\tcolor:#333333 !important;\r\n}\r\n.clear{\r\n\tclear:both;\r\n}\r\n\r\n#huge_it_videogallery li img {\r\n\twidth: 100%;\r\n\tmax-width: 238px;\r\n\theight: 148px;\r\n\tmin-height: 100%;\r\n\tmargin:0 !important;\r\n}\r\n\r\nsection #huge_it_videogallery li:hover .overLayer {\r\n\t-webkit-transition: opacity 0.3s linear;\r\n\t-moz-transition: opacity 0.3s linear;\r\n\t-ms-transition: opacity 0.3s linear;\r\n\t-o-transition: opacity 0.3s linear;\r\n\ttransition: opacity 0.3s linear;\r\n\topacity: 0.801;\r\n\tdisplay: block;\r\n\tbackground: #CCCCCC;\r\n}\r\nsection #huge_it_videogallery li:hover .infoLayer {\r\n\t-webkit-transition: opacity 0.3s linear;\r\n\t-moz-transition: opacity 0.3s linear;\r\n\tms-transition: opacity 0.3s linear;\r\n\t-o-transition: opacity 0.3s linear;\r\n\ttransition: opacity 0.3s linear;\r\n\topacity: 1;\r\n\tdisplay: block;\r\n}\r\nsection #huge_it_videogallery p {text-align:center;}\r\n<\/style>\n<div class=\"o9v6fnle cxmmr5t8 oygrvhab hcukyx3x c1et5uql ii04i59q\"><\/div>\n<div class=\"o9v6fnle cxmmr5t8 oygrvhab hcukyx3x c1et5uql ii04i59q\">\n<div dir=\"ltr\">Wil ik nog \u00e9\u00e9n darter speciaal noemen: de sympathieke Co Stomp\u00e9, die al jarenlang &#8211; vaak met Roland Scholten &#8211; als analist bij RTL7 te zien is, maar in 1999 ook zelf een hoogtepunt beleefde op de Embassy. Ik sprak hem een jaar daarvoor, eind 1998, het jaar dat hij als eerste Nederlander de Europese titel won. Ook hij heeft veel te danken (gehad) aan Van Barneveld. Dit interview, waarin Co toen al alles scherp zag, is <a href=\"http:\/\/puravidamedia.nl\/?page_id=772\">hier <\/a>terug te lezen. \u00d3\u00f3k Andere Tijden!<\/p>\n<p>Tot slot nog een voorbeschouwing, tevens terugblik op <a href=\"http:\/\/puravidamedia.nl\/?page_id=1183\">RTL7 WK Darts 2021\/2022<\/a>.<\/p>\n<\/div>\n<\/div>\n","protected":false},"excerpt":{"rendered":"<p>In 2012 werd mijn idee voor een Andere Tijden Sport over de overwinning van de Haagse postbode Raymond van Barneveld op de Embassy door de redactie opgepakt. Ik had deze aflevering graag zelf gemaakt, maar kon natuurlijk niet tegen de naam John Appel op. Wel deed ik de research en over de totstandkoming van deze [&hellip;]<\/p>\n","protected":false},"author":1,"featured_media":0,"parent":0,"menu_order":0,"comment_status":"closed","ping_status":"closed","template":"","meta":[],"_links":{"self":[{"href":"http:\/\/puravidamedia.nl\/index.php?rest_route=\/wp\/v2\/pages\/35"}],"collection":[{"href":"http:\/\/puravidamedia.nl\/index.php?rest_route=\/wp\/v2\/pages"}],"about":[{"href":"http:\/\/puravidamedia.nl\/index.php?rest_route=\/wp\/v2\/types\/page"}],"author":[{"embeddable":true,"href":"http:\/\/puravidamedia.nl\/index.php?rest_route=\/wp\/v2\/users\/1"}],"replies":[{"embeddable":true,"href":"http:\/\/puravidamedia.nl\/index.php?rest_route=%2Fwp%2Fv2%2Fcomments&post=35"}],"version-history":[{"count":32,"href":"http:\/\/puravidamedia.nl\/index.php?rest_route=\/wp\/v2\/pages\/35\/revisions"}],"predecessor-version":[{"id":1247,"href":"http:\/\/puravidamedia.nl\/index.php?rest_route=\/wp\/v2\/pages\/35\/revisions\/1247"}],"wp:attachment":[{"href":"http:\/\/puravidamedia.nl\/index.php?rest_route=%2Fwp%2Fv2%2Fmedia&parent=35"}],"curies":[{"name":"wp","href":"https:\/\/api.w.org\/{rel}","templated":true}]}}